{"id":3605,"date":"2021-08-26T11:51:00","date_gmt":"2021-08-26T09:51:00","guid":{"rendered":"https:\/\/www.pastamancini.com\/firmenphilosophie\/buona-pratica-agricola\/"},"modified":"2025-09-09T13:06:40","modified_gmt":"2025-09-09T11:06:40","slug":"buona-pratica-agricola","status":"publish","type":"page","link":"https:\/\/www.pastamancini.com\/de\/firmenphilosophie\/buona-pratica-agricola\/","title":{"rendered":"Gute Landwirtschaftliche Praxis"},"content":{"rendered":"\n<p>Gute Landwirtschaftliche Praxis (GLP) ist die Gesamtheit der Regeln, die wir f\u00fcr eine umweltkompatible, nachhaltige F\u00fchrung unserer landwirtschaftlichen Arbeit anwenden, um einen Rohstoff mit h\u00f6chster, ges\u00fcndester Qualit\u00e4t mit der geringstm\u00f6glichen Umweltbelastung zu erzeugen.<\/p>\n","protected":false},"excerpt":{"rendered":"<p>Gute Landwirtschaftliche Praxis (GLP) ist die Gesamtheit der Regeln, die wir f\u00fcr eine umweltkompatible, nachhaltige F\u00fchrung unserer landwirtschaftlichen Arbeit anwenden, um einen Rohstoff mit h\u00f6chster, ges\u00fcndester Qualit\u00e4t mit der geringstm\u00f6glichen Umweltbelastung zu erzeugen. [&#8230;]<\/p>\n<p><a class=\"btn btn-secondary understrap-read-more-link\" href=\"https:\/\/www.pastamancini.com\/de\/firmenphilosophie\/buona-pratica-agricola\/\">Weiterlesen&#8230;<\/a><\/p>\n","protected":false},"author":1,"featured_media":0,"parent":3421,"menu_order":3,"comment_status":"closed","ping_status":"closed","template":"page-templates\/template-fase-esperienza.php","meta":{"inline_featured_image":false},"acf":[],"yoast_head":"<!-- This site is optimized with the Yoast SEO plugin v20.12 - https:\/\/yoast.com\/wordpress\/plugins\/seo\/ -->\n<title>Gute Landwirtschaftliche Praxis nella Filosofia Produttiva di Pasta Mancini<\/title>\n<meta name=\"description\" content=\"La Buona Pratica Agricola \u00e8 l&#039;insieme di regole per la gestione ecocompatibile delle attivit\u00e0 agricole per la produzione di qualit\u00e0. Ecco la nostra filosofia.\" \/>\n<meta name=\"robots\" content=\"index, follow, max-snippet:-1, max-image-preview:large, max-video-preview:-1\" \/>\n<link rel=\"canonical\" href=\"https:\/\/www.pastamancini.com\/de\/firmenphilosophie\/buona-pratica-agricola\/\" \/>\n<meta property=\"og:locale\" content=\"de_DE\" \/>\n<meta property=\"og:type\" content=\"article\" \/>\n<meta property=\"og:title\" content=\"Gute Landwirtschaftliche Praxis nella Filosofia Produttiva di Pasta Mancini\" \/>\n<meta property=\"og:description\" content=\"La Buona Pratica Agricola \u00e8 l&#039;insieme di regole per la gestione ecocompatibile delle attivit\u00e0 agricole per la produzione di qualit\u00e0. Ecco la nostra filosofia.\" \/>\n<meta property=\"og:url\" content=\"https:\/\/www.pastamancini.com\/de\/firmenphilosophie\/buona-pratica-agricola\/\" \/>\n<meta property=\"og:site_name\" content=\"Pasta Mancini\" \/>\n<meta property=\"article:publisher\" content=\"https:\/\/www.facebook.com\/pastamancini\/\" \/>\n<meta property=\"article:modified_time\" content=\"2025-09-09T11:06:40+00:00\" \/>\n<meta property=\"og:image\" content=\"https:\/\/www.pastamancini.com\/wp-content\/uploads\/2021\/11\/logo-social-facebook.jpg\" \/>\n\t<meta property=\"og:image:width\" content=\"364\" \/>\n\t<meta property=\"og:image:height\" content=\"209\" \/>\n\t<meta property=\"og:image:type\" content=\"image\/jpeg\" \/>\n<meta name=\"twitter:card\" content=\"summary_large_image\" \/>\n<meta name=\"twitter:label1\" content=\"Gesch\u00e4tzte Lesezeit\" \/>\n\t<meta name=\"twitter:data1\" content=\"1 Minute\" \/>\n<script type=\"application\/ld+json\" class=\"yoast-schema-graph\">{\"@context\":\"https:\/\/schema.org\",\"@graph\":[{\"@type\":\"WebPage\",\"@id\":\"https:\/\/www.pastamancini.com\/de\/firmenphilosophie\/buona-pratica-agricola\/\",\"url\":\"https:\/\/www.pastamancini.com\/de\/firmenphilosophie\/buona-pratica-agricola\/\",\"name\":\"Gute Landwirtschaftliche Praxis nella Filosofia Produttiva di Pasta Mancini\",\"isPartOf\":{\"@id\":\"https:\/\/www.pastamancini.com\/de\/#website\"},\"datePublished\":\"2021-08-26T09:51:00+00:00\",\"dateModified\":\"2025-09-09T11:06:40+00:00\",\"description\":\"La Buona Pratica Agricola \u00e8 l'insieme di regole per la gestione ecocompatibile delle attivit\u00e0 agricole per la produzione di qualit\u00e0. Ecco la nostra filosofia.\",\"breadcrumb\":{\"@id\":\"https:\/\/www.pastamancini.com\/de\/firmenphilosophie\/buona-pratica-agricola\/#breadcrumb\"},\"inLanguage\":\"de-DE\",\"potentialAction\":[{\"@type\":\"ReadAction\",\"target\":[\"https:\/\/www.pastamancini.com\/de\/firmenphilosophie\/buona-pratica-agricola\/\"]}]},{\"@type\":\"BreadcrumbList\",\"@id\":\"https:\/\/www.pastamancini.com\/de\/firmenphilosophie\/buona-pratica-agricola\/#breadcrumb\",\"itemListElement\":[{\"@type\":\"ListItem\",\"position\":1,\"name\":\"Home\",\"item\":\"https:\/\/www.pastamancini.com\/de\/\"},{\"@type\":\"ListItem\",\"position\":2,\"name\":\"Produktionsphilosophie\",\"item\":\"https:\/\/www.pastamancini.com\/de\/firmenphilosophie\/\"},{\"@type\":\"ListItem\",\"position\":3,\"name\":\"Gute Landwirtschaftliche Praxis\"}]},{\"@type\":\"WebSite\",\"@id\":\"https:\/\/www.pastamancini.com\/de\/#website\",\"url\":\"https:\/\/www.pastamancini.com\/de\/\",\"name\":\"Pasta Mancini\",\"description\":\"Pasta Mancini: pasta artigianale italiana di qualit\u00e0. Coltivatori di grano dal 1938. Entra nel sito e scopri tutti i nostri prodotti.\",\"publisher\":{\"@id\":\"https:\/\/www.pastamancini.com\/de\/#organization\"},\"potentialAction\":[{\"@type\":\"SearchAction\",\"target\":{\"@type\":\"EntryPoint\",\"urlTemplate\":\"https:\/\/www.pastamancini.com\/de\/?s={search_term_string}\"},\"query-input\":\"required name=search_term_string\"}],\"inLanguage\":\"de-DE\"},{\"@type\":\"Organization\",\"@id\":\"https:\/\/www.pastamancini.com\/de\/#organization\",\"name\":\"AZIENDA AGRICOLA MANCINI SOCIET\u00c0 AGRICOLA SRL\",\"url\":\"https:\/\/www.pastamancini.com\/de\/\",\"logo\":{\"@type\":\"ImageObject\",\"inLanguage\":\"de-DE\",\"@id\":\"https:\/\/www.pastamancini.com\/de\/#\/schema\/logo\/image\/\",\"url\":\"https:\/\/www.pastamancini.com\/wp-content\/uploads\/2021\/11\/logo-social.jpg\",\"contentUrl\":\"https:\/\/www.pastamancini.com\/wp-content\/uploads\/2021\/11\/logo-social.jpg\",\"width\":228,\"height\":155,\"caption\":\"AZIENDA AGRICOLA MANCINI SOCIET\u00c0 AGRICOLA SRL\"},\"image\":{\"@id\":\"https:\/\/www.pastamancini.com\/de\/#\/schema\/logo\/image\/\"},\"sameAs\":[\"https:\/\/www.facebook.com\/pastamancini\/\",\"https:\/\/www.instagram.com\/pastamancini\/\",\"https:\/\/it.linkedin.com\/company\/mancini-pastificio-agricolo\/\"]}]}<\/script>\n<!-- \/ Yoast SEO plugin. -->","yoast_head_json":{"title":"Gute Landwirtschaftliche Praxis nella Filosofia Produttiva di Pasta Mancini","description":"La Buona Pratica Agricola \u00e8 l'insieme di regole per la gestione ecocompatibile delle attivit\u00e0 agricole per la produzione di qualit\u00e0. Ecco la nostra filosofia.","robots":{"index":"index","follow":"follow","max-snippet":"max-snippet:-1","max-image-preview":"max-image-preview:large","max-video-preview":"max-video-preview:-1"},"canonical":"https:\/\/www.pastamancini.com\/de\/firmenphilosophie\/buona-pratica-agricola\/","og_locale":"de_DE","og_type":"article","og_title":"Gute Landwirtschaftliche Praxis nella Filosofia Produttiva di Pasta Mancini","og_description":"La Buona Pratica Agricola \u00e8 l'insieme di regole per la gestione ecocompatibile delle attivit\u00e0 agricole per la produzione di qualit\u00e0. Ecco la nostra filosofia.","og_url":"https:\/\/www.pastamancini.com\/de\/firmenphilosophie\/buona-pratica-agricola\/","og_site_name":"Pasta Mancini","article_publisher":"https:\/\/www.facebook.com\/pastamancini\/","article_modified_time":"2025-09-09T11:06:40+00:00","og_image":[{"width":364,"height":209,"url":"https:\/\/www.pastamancini.com\/wp-content\/uploads\/2021\/11\/logo-social-facebook.jpg","type":"image\/jpeg"}],"twitter_card":"summary_large_image","twitter_misc":{"Gesch\u00e4tzte Lesezeit":"1 Minute"},"schema":{"@context":"https:\/\/schema.org","@graph":[{"@type":"WebPage","@id":"https:\/\/www.pastamancini.com\/de\/firmenphilosophie\/buona-pratica-agricola\/","url":"https:\/\/www.pastamancini.com\/de\/firmenphilosophie\/buona-pratica-agricola\/","name":"Gute Landwirtschaftliche Praxis nella Filosofia Produttiva di Pasta Mancini","isPartOf":{"@id":"https:\/\/www.pastamancini.com\/de\/#website"},"datePublished":"2021-08-26T09:51:00+00:00","dateModified":"2025-09-09T11:06:40+00:00","description":"La Buona Pratica Agricola \u00e8 l'insieme di regole per la gestione ecocompatibile delle attivit\u00e0 agricole per la produzione di qualit\u00e0. Ecco la nostra filosofia.","breadcrumb":{"@id":"https:\/\/www.pastamancini.com\/de\/firmenphilosophie\/buona-pratica-agricola\/#breadcrumb"},"inLanguage":"de-DE","potentialAction":[{"@type":"ReadAction","target":["https:\/\/www.pastamancini.com\/de\/firmenphilosophie\/buona-pratica-agricola\/"]}]},{"@type":"BreadcrumbList","@id":"https:\/\/www.pastamancini.com\/de\/firmenphilosophie\/buona-pratica-agricola\/#breadcrumb","itemListElement":[{"@type":"ListItem","position":1,"name":"Home","item":"https:\/\/www.pastamancini.com\/de\/"},{"@type":"ListItem","position":2,"name":"Produktionsphilosophie","item":"https:\/\/www.pastamancini.com\/de\/firmenphilosophie\/"},{"@type":"ListItem","position":3,"name":"Gute Landwirtschaftliche Praxis"}]},{"@type":"WebSite","@id":"https:\/\/www.pastamancini.com\/de\/#website","url":"https:\/\/www.pastamancini.com\/de\/","name":"Pasta Mancini","description":"Pasta Mancini: pasta artigianale italiana di qualit\u00e0. Coltivatori di grano dal 1938. Entra nel sito e scopri tutti i nostri prodotti.","publisher":{"@id":"https:\/\/www.pastamancini.com\/de\/#organization"},"potentialAction":[{"@type":"SearchAction","target":{"@type":"EntryPoint","urlTemplate":"https:\/\/www.pastamancini.com\/de\/?s={search_term_string}"},"query-input":"required name=search_term_string"}],"inLanguage":"de-DE"},{"@type":"Organization","@id":"https:\/\/www.pastamancini.com\/de\/#organization","name":"AZIENDA AGRICOLA MANCINI SOCIET\u00c0 AGRICOLA SRL","url":"https:\/\/www.pastamancini.com\/de\/","logo":{"@type":"ImageObject","inLanguage":"de-DE","@id":"https:\/\/www.pastamancini.com\/de\/#\/schema\/logo\/image\/","url":"https:\/\/www.pastamancini.com\/wp-content\/uploads\/2021\/11\/logo-social.jpg","contentUrl":"https:\/\/www.pastamancini.com\/wp-content\/uploads\/2021\/11\/logo-social.jpg","width":228,"height":155,"caption":"AZIENDA AGRICOLA MANCINI SOCIET\u00c0 AGRICOLA SRL"},"image":{"@id":"https:\/\/www.pastamancini.com\/de\/#\/schema\/logo\/image\/"},"sameAs":["https:\/\/www.facebook.com\/pastamancini\/","https:\/\/www.instagram.com\/pastamancini\/","https:\/\/it.linkedin.com\/company\/mancini-pastificio-agricolo\/"]}]}},"_links":{"self":[{"href":"https:\/\/www.pastamancini.com\/de\/wp-json\/wp\/v2\/pages\/3605"}],"collection":[{"href":"https:\/\/www.pastamancini.com\/de\/wp-json\/wp\/v2\/pages"}],"about":[{"href":"https:\/\/www.pastamancini.com\/de\/wp-json\/wp\/v2\/types\/page"}],"author":[{"embeddable":true,"href":"https:\/\/www.pastamancini.com\/de\/wp-json\/wp\/v2\/users\/1"}],"replies":[{"embeddable":true,"href":"https:\/\/www.pastamancini.com\/de\/wp-json\/wp\/v2\/comments?post=3605"}],"version-history":[{"count":28,"href":"https:\/\/www.pastamancini.com\/de\/wp-json\/wp\/v2\/pages\/3605\/revisions"}],"predecessor-version":[{"id":9486,"href":"https:\/\/www.pastamancini.com\/de\/wp-json\/wp\/v2\/pages\/3605\/revisions\/9486"}],"up":[{"embeddable":true,"href":"https:\/\/www.pastamancini.com\/de\/wp-json\/wp\/v2\/pages\/3421"}],"wp:attachment":[{"href":"https:\/\/www.pastamancini.com\/de\/wp-json\/wp\/v2\/media?parent=3605"}],"curies":[{"name":"wp","href":"https:\/\/api.w.org\/{rel}","templated":true}]}}