{"id":3567,"date":"2021-08-02T19:27:36","date_gmt":"2021-08-02T17:27:36","guid":{"rendered":"https:\/\/www.pastamancini.com\/filosofia-de-produccion\/molitura\/"},"modified":"2022-11-30T15:21:27","modified_gmt":"2022-11-30T14:21:27","slug":"molitura","status":"publish","type":"page","link":"https:\/\/www.pastamancini.com\/es\/filosofia-de-produccion\/molitura\/","title":{"rendered":"Molienda"},"content":{"rendered":"\n<p>Los granos de trigo se muelen hasta que se convierten en s\u00e9mola con el tama\u00f1o de grano adecuado para el m\u00e9todo de fabricaci\u00f3n de pastas de Mancini. La molienda se realiza de forma constante a lo largo del a\u00f1o y esto nos permite producir la pasta siempre con s\u00e9mola fresca, un aspecto clave para obtener un producto con un marcado aroma y sabor a trigo.<\/p>\n","protected":false},"excerpt":{"rendered":"<p>Los granos de trigo se muelen hasta que se convierten en s\u00e9mola con el tama\u00f1o de grano adecuado para el m\u00e9todo de fabricaci\u00f3n de pastas de Mancini. La molienda se realiza de forma constante a lo largo del a\u00f1o y esto nos permite producir la pasta siempre con s\u00e9mola fresca, un aspecto clave para obtener [&#8230;]<\/p>\n<p><a class=\"btn btn-secondary understrap-read-more-link\" href=\"https:\/\/www.pastamancini.com\/es\/filosofia-de-produccion\/molitura\/\">Leer m\u00e1s&#8230;<\/a><\/p>\n","protected":false},"author":1,"featured_media":0,"parent":3445,"menu_order":6,"comment_status":"closed","ping_status":"closed","template":"page-templates\/template-fase-esperienza.php","meta":{"inline_featured_image":false},"acf":[],"yoast_head":"<!-- This site is optimized with the Yoast SEO plugin v20.12 - https:\/\/yoast.com\/wordpress\/plugins\/seo\/ -->\n<title>La Molienda nella Filosofia Produttiva di Pasta Mancini<\/title>\n<meta name=\"description\" content=\"La molitura viene effettuata costantemente durante il corso dell\u2019anno e questo ci consente di produrre pasta sempre con semola fresca.\" \/>\n<meta name=\"robots\" content=\"index, follow, max-snippet:-1, max-image-preview:large, max-video-preview:-1\" \/>\n<link rel=\"canonical\" href=\"https:\/\/www.pastamancini.com\/es\/filosofia-de-produccion\/molitura\/\" \/>\n<meta property=\"og:locale\" content=\"es_ES\" \/>\n<meta property=\"og:type\" content=\"article\" \/>\n<meta property=\"og:title\" content=\"La Molienda nella Filosofia Produttiva di Pasta Mancini\" \/>\n<meta property=\"og:description\" content=\"La molitura viene effettuata costantemente durante il corso dell\u2019anno e questo ci consente di produrre pasta sempre con semola fresca.\" \/>\n<meta property=\"og:url\" content=\"https:\/\/www.pastamancini.com\/es\/filosofia-de-produccion\/molitura\/\" \/>\n<meta property=\"og:site_name\" content=\"Pasta Mancini\" \/>\n<meta property=\"article:publisher\" content=\"https:\/\/www.facebook.com\/pastamancini\/\" \/>\n<meta property=\"article:modified_time\" content=\"2022-11-30T14:21:27+00:00\" \/>\n<meta property=\"og:image\" content=\"https:\/\/www.pastamancini.com\/wp-content\/uploads\/2021\/11\/logo-social-facebook.jpg\" \/>\n\t<meta property=\"og:image:width\" content=\"364\" \/>\n\t<meta property=\"og:image:height\" content=\"209\" \/>\n\t<meta property=\"og:image:type\" content=\"image\/jpeg\" \/>\n<meta name=\"twitter:card\" content=\"summary_large_image\" \/>\n<meta name=\"twitter:label1\" content=\"Tiempo de lectura\" \/>\n\t<meta name=\"twitter:data1\" content=\"1 minuto\" \/>\n<script type=\"application\/ld+json\" class=\"yoast-schema-graph\">{\"@context\":\"https:\/\/schema.org\",\"@graph\":[{\"@type\":\"WebPage\",\"@id\":\"https:\/\/www.pastamancini.com\/es\/filosofia-de-produccion\/molitura\/\",\"url\":\"https:\/\/www.pastamancini.com\/es\/filosofia-de-produccion\/molitura\/\",\"name\":\"La Molienda nella Filosofia Produttiva di Pasta Mancini\",\"isPartOf\":{\"@id\":\"https:\/\/www.pastamancini.com\/es\/#website\"},\"datePublished\":\"2021-08-02T17:27:36+00:00\",\"dateModified\":\"2022-11-30T14:21:27+00:00\",\"description\":\"La molitura viene effettuata costantemente durante il corso dell\u2019anno e questo ci consente di produrre pasta sempre con semola fresca.\",\"breadcrumb\":{\"@id\":\"https:\/\/www.pastamancini.com\/es\/filosofia-de-produccion\/molitura\/#breadcrumb\"},\"inLanguage\":\"es\",\"potentialAction\":[{\"@type\":\"ReadAction\",\"target\":[\"https:\/\/www.pastamancini.com\/es\/filosofia-de-produccion\/molitura\/\"]}]},{\"@type\":\"BreadcrumbList\",\"@id\":\"https:\/\/www.pastamancini.com\/es\/filosofia-de-produccion\/molitura\/#breadcrumb\",\"itemListElement\":[{\"@type\":\"ListItem\",\"position\":1,\"name\":\"Home\",\"item\":\"https:\/\/www.pastamancini.com\/es\/\"},{\"@type\":\"ListItem\",\"position\":2,\"name\":\"Filosof\u00eda de producci\u00f3n\",\"item\":\"https:\/\/www.pastamancini.com\/es\/filosofia-de-produccion\/\"},{\"@type\":\"ListItem\",\"position\":3,\"name\":\"Molienda\"}]},{\"@type\":\"WebSite\",\"@id\":\"https:\/\/www.pastamancini.com\/es\/#website\",\"url\":\"https:\/\/www.pastamancini.com\/es\/\",\"name\":\"Pasta Mancini\",\"description\":\"Pasta Mancini: pasta artigianale italiana di qualit\u00e0. Coltivatori di grano dal 1938. Entra nel sito e scopri tutti i nostri prodotti.\",\"publisher\":{\"@id\":\"https:\/\/www.pastamancini.com\/es\/#organization\"},\"potentialAction\":[{\"@type\":\"SearchAction\",\"target\":{\"@type\":\"EntryPoint\",\"urlTemplate\":\"https:\/\/www.pastamancini.com\/es\/?s={search_term_string}\"},\"query-input\":\"required name=search_term_string\"}],\"inLanguage\":\"es\"},{\"@type\":\"Organization\",\"@id\":\"https:\/\/www.pastamancini.com\/es\/#organization\",\"name\":\"AZIENDA AGRICOLA MANCINI SOCIET\u00c0 AGRICOLA SRL\",\"url\":\"https:\/\/www.pastamancini.com\/es\/\",\"logo\":{\"@type\":\"ImageObject\",\"inLanguage\":\"es\",\"@id\":\"https:\/\/www.pastamancini.com\/es\/#\/schema\/logo\/image\/\",\"url\":\"https:\/\/www.pastamancini.com\/wp-content\/uploads\/2021\/11\/logo-social.jpg\",\"contentUrl\":\"https:\/\/www.pastamancini.com\/wp-content\/uploads\/2021\/11\/logo-social.jpg\",\"width\":228,\"height\":155,\"caption\":\"AZIENDA AGRICOLA MANCINI SOCIET\u00c0 AGRICOLA SRL\"},\"image\":{\"@id\":\"https:\/\/www.pastamancini.com\/es\/#\/schema\/logo\/image\/\"},\"sameAs\":[\"https:\/\/www.facebook.com\/pastamancini\/\",\"https:\/\/www.instagram.com\/pastamancini\/\",\"https:\/\/it.linkedin.com\/company\/mancini-pastificio-agricolo\/\"]}]}<\/script>\n<!-- \/ Yoast SEO plugin. -->","yoast_head_json":{"title":"La Molienda nella Filosofia Produttiva di Pasta Mancini","description":"La molitura viene effettuata costantemente durante il corso dell\u2019anno e questo ci consente di produrre pasta sempre con semola fresca.","robots":{"index":"index","follow":"follow","max-snippet":"max-snippet:-1","max-image-preview":"max-image-preview:large","max-video-preview":"max-video-preview:-1"},"canonical":"https:\/\/www.pastamancini.com\/es\/filosofia-de-produccion\/molitura\/","og_locale":"es_ES","og_type":"article","og_title":"La Molienda nella Filosofia Produttiva di Pasta Mancini","og_description":"La molitura viene effettuata costantemente durante il corso dell\u2019anno e questo ci consente di produrre pasta sempre con semola fresca.","og_url":"https:\/\/www.pastamancini.com\/es\/filosofia-de-produccion\/molitura\/","og_site_name":"Pasta Mancini","article_publisher":"https:\/\/www.facebook.com\/pastamancini\/","article_modified_time":"2022-11-30T14:21:27+00:00","og_image":[{"width":364,"height":209,"url":"https:\/\/www.pastamancini.com\/wp-content\/uploads\/2021\/11\/logo-social-facebook.jpg","type":"image\/jpeg"}],"twitter_card":"summary_large_image","twitter_misc":{"Tiempo de lectura":"1 minuto"},"schema":{"@context":"https:\/\/schema.org","@graph":[{"@type":"WebPage","@id":"https:\/\/www.pastamancini.com\/es\/filosofia-de-produccion\/molitura\/","url":"https:\/\/www.pastamancini.com\/es\/filosofia-de-produccion\/molitura\/","name":"La Molienda nella Filosofia Produttiva di Pasta Mancini","isPartOf":{"@id":"https:\/\/www.pastamancini.com\/es\/#website"},"datePublished":"2021-08-02T17:27:36+00:00","dateModified":"2022-11-30T14:21:27+00:00","description":"La molitura viene effettuata costantemente durante il corso dell\u2019anno e questo ci consente di produrre pasta sempre con semola fresca.","breadcrumb":{"@id":"https:\/\/www.pastamancini.com\/es\/filosofia-de-produccion\/molitura\/#breadcrumb"},"inLanguage":"es","potentialAction":[{"@type":"ReadAction","target":["https:\/\/www.pastamancini.com\/es\/filosofia-de-produccion\/molitura\/"]}]},{"@type":"BreadcrumbList","@id":"https:\/\/www.pastamancini.com\/es\/filosofia-de-produccion\/molitura\/#breadcrumb","itemListElement":[{"@type":"ListItem","position":1,"name":"Home","item":"https:\/\/www.pastamancini.com\/es\/"},{"@type":"ListItem","position":2,"name":"Filosof\u00eda de producci\u00f3n","item":"https:\/\/www.pastamancini.com\/es\/filosofia-de-produccion\/"},{"@type":"ListItem","position":3,"name":"Molienda"}]},{"@type":"WebSite","@id":"https:\/\/www.pastamancini.com\/es\/#website","url":"https:\/\/www.pastamancini.com\/es\/","name":"Pasta Mancini","description":"Pasta Mancini: pasta artigianale italiana di qualit\u00e0. Coltivatori di grano dal 1938. Entra nel sito e scopri tutti i nostri prodotti.","publisher":{"@id":"https:\/\/www.pastamancini.com\/es\/#organization"},"potentialAction":[{"@type":"SearchAction","target":{"@type":"EntryPoint","urlTemplate":"https:\/\/www.pastamancini.com\/es\/?s={search_term_string}"},"query-input":"required name=search_term_string"}],"inLanguage":"es"},{"@type":"Organization","@id":"https:\/\/www.pastamancini.com\/es\/#organization","name":"AZIENDA AGRICOLA MANCINI SOCIET\u00c0 AGRICOLA SRL","url":"https:\/\/www.pastamancini.com\/es\/","logo":{"@type":"ImageObject","inLanguage":"es","@id":"https:\/\/www.pastamancini.com\/es\/#\/schema\/logo\/image\/","url":"https:\/\/www.pastamancini.com\/wp-content\/uploads\/2021\/11\/logo-social.jpg","contentUrl":"https:\/\/www.pastamancini.com\/wp-content\/uploads\/2021\/11\/logo-social.jpg","width":228,"height":155,"caption":"AZIENDA AGRICOLA MANCINI SOCIET\u00c0 AGRICOLA SRL"},"image":{"@id":"https:\/\/www.pastamancini.com\/es\/#\/schema\/logo\/image\/"},"sameAs":["https:\/\/www.facebook.com\/pastamancini\/","https:\/\/www.instagram.com\/pastamancini\/","https:\/\/it.linkedin.com\/company\/mancini-pastificio-agricolo\/"]}]}},"_links":{"self":[{"href":"https:\/\/www.pastamancini.com\/es\/wp-json\/wp\/v2\/pages\/3567"}],"collection":[{"href":"https:\/\/www.pastamancini.com\/es\/wp-json\/wp\/v2\/pages"}],"about":[{"href":"https:\/\/www.pastamancini.com\/es\/wp-json\/wp\/v2\/types\/page"}],"author":[{"embeddable":true,"href":"https:\/\/www.pastamancini.com\/es\/wp-json\/wp\/v2\/users\/1"}],"replies":[{"embeddable":true,"href":"https:\/\/www.pastamancini.com\/es\/wp-json\/wp\/v2\/comments?post=3567"}],"version-history":[{"count":2,"href":"https:\/\/www.pastamancini.com\/es\/wp-json\/wp\/v2\/pages\/3567\/revisions"}],"predecessor-version":[{"id":3595,"href":"https:\/\/www.pastamancini.com\/es\/wp-json\/wp\/v2\/pages\/3567\/revisions\/3595"}],"up":[{"embeddable":true,"href":"https:\/\/www.pastamancini.com\/es\/wp-json\/wp\/v2\/pages\/3445"}],"wp:attachment":[{"href":"https:\/\/www.pastamancini.com\/es\/wp-json\/wp\/v2\/media?parent=3567"}],"curies":[{"name":"wp","href":"https:\/\/api.w.org\/{rel}","templated":true}]}}