{"id":3499,"date":"2021-08-26T11:53:42","date_gmt":"2021-08-26T09:53:42","guid":{"rendered":"https:\/\/www.pastamancini.com\/philosophie-entreprise\/fields-management\/"},"modified":"2025-07-07T11:26:38","modified_gmt":"2025-07-07T09:26:38","slug":"fields-management","status":"publish","type":"page","link":"https:\/\/www.pastamancini.com\/fr\/philosophie-entreprise\/fields-management\/","title":{"rendered":"La gestion des champs"},"content":{"rendered":"\n<p>Pour l\u2019Azienda Agricola Mancini, le choix des vari\u00e9t\u00e9s de bl\u00e9 dur que nous cultivons a toujours \u00e9t\u00e9 d\u00e9terminant et constitue la premi\u00e8re \u00e9tape dans l\u2019obtention d\u2019une bonne mati\u00e8re premi\u00e8re. Nous choisissons nos vari\u00e9t\u00e9s de bl\u00e9 dur principalement selon deux crit\u00e8res&nbsp;: le profil qualitatif et le rendement potentiel. Le profil qualitatif du bl\u00e9 est primordial pour nous. Les vari\u00e9t\u00e9s que nous cultivons doivent donc pr\u00e9senter des niveaux \u00e9lev\u00e9s d\u2019indices qualitatifs, comme la teneur en prot\u00e9ines, l\u2019absence de blanchiment, le poids sp\u00e9cifique, l\u2019indice de gluten et l\u2019indice de jaune.<\/p>\n\n\n\n<style>\n  .wpgmza_cat_checkbox_item_holder_6:before {\n    content: \"\";\n    background: url(\"https:\/\/pastamancini.com\/wp-content\/uploads\/2024\/04\/Farah-pin-campiMancini.jpg\");\n    height: 80px;\n    width: 185px;\n    position: relative;\n    display: block;\n    background-size: contain;\n    background-repeat: no-repeat;\n  }\n\n .wpgmza_cat_checkbox_item_holder_6 label{\n       border-bottom: 2px solid #A25A66;\n } \n<\/style>\n","protected":false},"excerpt":{"rendered":"<p>Pour l\u2019Azienda Agricola Mancini, le choix des vari\u00e9t\u00e9s de bl\u00e9 dur que nous cultivons a toujours \u00e9t\u00e9 d\u00e9terminant et constitue la premi\u00e8re \u00e9tape dans l\u2019obtention d\u2019une bonne mati\u00e8re premi\u00e8re. Nous choisissons nos vari\u00e9t\u00e9s de bl\u00e9 dur principalement selon deux crit\u00e8res&nbsp;: le profil qualitatif et le rendement potentiel. Le profil qualitatif du bl\u00e9 est primordial pour [&#8230;]<\/p>\n<p><a class=\"btn btn-secondary understrap-read-more-link\" href=\"https:\/\/www.pastamancini.com\/fr\/philosophie-entreprise\/fields-management\/\">Lire la suite&#8230;<\/a><\/p>\n","protected":false},"author":1,"featured_media":0,"parent":3393,"menu_order":2,"comment_status":"closed","ping_status":"closed","template":"page-templates\/template-fase-esperienza.php","meta":{"inline_featured_image":false},"acf":[],"yoast_head":"<!-- This site is optimized with the Yoast SEO plugin v20.12 - https:\/\/yoast.com\/wordpress\/plugins\/seo\/ -->\n<title>La gestion des champs in Company Philosophy by Pasta Mancini<\/title>\n<meta name=\"description\" content=\"Our varieties\u2019 selection is essentially based on two criteria: the quality profile and the production potential yield, both in Italy.\" \/>\n<meta name=\"robots\" content=\"index, follow, max-snippet:-1, max-image-preview:large, max-video-preview:-1\" \/>\n<link rel=\"canonical\" href=\"https:\/\/www.pastamancini.com\/fr\/philosophie-entreprise\/fields-management\/\" \/>\n<meta property=\"og:locale\" content=\"fr_FR\" \/>\n<meta property=\"og:type\" content=\"article\" \/>\n<meta property=\"og:title\" content=\"La gestion des champs in Company Philosophy by Pasta Mancini\" \/>\n<meta property=\"og:description\" content=\"Our varieties\u2019 selection is essentially based on two criteria: the quality profile and the production potential yield, both in Italy.\" \/>\n<meta property=\"og:url\" content=\"https:\/\/www.pastamancini.com\/fr\/philosophie-entreprise\/fields-management\/\" \/>\n<meta property=\"og:site_name\" content=\"Pasta Mancini\" \/>\n<meta property=\"article:publisher\" content=\"https:\/\/www.facebook.com\/pastamancini\/\" \/>\n<meta property=\"article:modified_time\" content=\"2025-07-07T09:26:38+00:00\" \/>\n<meta property=\"og:image\" content=\"https:\/\/www.pastamancini.com\/wp-content\/uploads\/2021\/11\/logo-social-facebook.jpg\" \/>\n\t<meta property=\"og:image:width\" content=\"364\" \/>\n\t<meta property=\"og:image:height\" content=\"209\" \/>\n\t<meta property=\"og:image:type\" content=\"image\/jpeg\" \/>\n<meta name=\"twitter:card\" content=\"summary_large_image\" \/>\n<meta name=\"twitter:label1\" content=\"Dur\u00e9e de lecture estim\u00e9e\" \/>\n\t<meta name=\"twitter:data1\" content=\"1 minute\" \/>\n<script type=\"application\/ld+json\" class=\"yoast-schema-graph\">{\"@context\":\"https:\/\/schema.org\",\"@graph\":[{\"@type\":\"WebPage\",\"@id\":\"https:\/\/www.pastamancini.com\/fr\/philosophie-entreprise\/fields-management\/\",\"url\":\"https:\/\/www.pastamancini.com\/fr\/philosophie-entreprise\/fields-management\/\",\"name\":\"La gestion des champs in Company Philosophy by Pasta Mancini\",\"isPartOf\":{\"@id\":\"https:\/\/www.pastamancini.com\/fr\/#website\"},\"datePublished\":\"2021-08-26T09:53:42+00:00\",\"dateModified\":\"2025-07-07T09:26:38+00:00\",\"description\":\"Our varieties\u2019 selection is essentially based on two criteria: the quality profile and the production potential yield, both in Italy.\",\"breadcrumb\":{\"@id\":\"https:\/\/www.pastamancini.com\/fr\/philosophie-entreprise\/fields-management\/#breadcrumb\"},\"inLanguage\":\"fr-FR\",\"potentialAction\":[{\"@type\":\"ReadAction\",\"target\":[\"https:\/\/www.pastamancini.com\/fr\/philosophie-entreprise\/fields-management\/\"]}]},{\"@type\":\"BreadcrumbList\",\"@id\":\"https:\/\/www.pastamancini.com\/fr\/philosophie-entreprise\/fields-management\/#breadcrumb\",\"itemListElement\":[{\"@type\":\"ListItem\",\"position\":1,\"name\":\"Home\",\"item\":\"https:\/\/www.pastamancini.com\/fr\/home-page\/\"},{\"@type\":\"ListItem\",\"position\":2,\"name\":\"Philosophie de l'entreprise\",\"item\":\"https:\/\/www.pastamancini.com\/fr\/philosophie-entreprise\/\"},{\"@type\":\"ListItem\",\"position\":3,\"name\":\"La gestion des champs\"}]},{\"@type\":\"WebSite\",\"@id\":\"https:\/\/www.pastamancini.com\/fr\/#website\",\"url\":\"https:\/\/www.pastamancini.com\/fr\/\",\"name\":\"Pasta Mancini\",\"description\":\"Pasta Mancini: pasta artigianale italiana di qualit\u00e0. Coltivatori di grano dal 1938. Entra nel sito e scopri tutti i nostri prodotti.\",\"publisher\":{\"@id\":\"https:\/\/www.pastamancini.com\/fr\/#organization\"},\"potentialAction\":[{\"@type\":\"SearchAction\",\"target\":{\"@type\":\"EntryPoint\",\"urlTemplate\":\"https:\/\/www.pastamancini.com\/fr\/?s={search_term_string}\"},\"query-input\":\"required name=search_term_string\"}],\"inLanguage\":\"fr-FR\"},{\"@type\":\"Organization\",\"@id\":\"https:\/\/www.pastamancini.com\/fr\/#organization\",\"name\":\"AZIENDA AGRICOLA MANCINI SOCIET\u00c0 AGRICOLA SRL\",\"url\":\"https:\/\/www.pastamancini.com\/fr\/\",\"logo\":{\"@type\":\"ImageObject\",\"inLanguage\":\"fr-FR\",\"@id\":\"https:\/\/www.pastamancini.com\/fr\/#\/schema\/logo\/image\/\",\"url\":\"https:\/\/www.pastamancini.com\/wp-content\/uploads\/2021\/11\/logo-social.jpg\",\"contentUrl\":\"https:\/\/www.pastamancini.com\/wp-content\/uploads\/2021\/11\/logo-social.jpg\",\"width\":228,\"height\":155,\"caption\":\"AZIENDA AGRICOLA MANCINI SOCIET\u00c0 AGRICOLA SRL\"},\"image\":{\"@id\":\"https:\/\/www.pastamancini.com\/fr\/#\/schema\/logo\/image\/\"},\"sameAs\":[\"https:\/\/www.facebook.com\/pastamancini\/\",\"https:\/\/www.instagram.com\/pastamancini\/\",\"https:\/\/it.linkedin.com\/company\/mancini-pastificio-agricolo\/\"]}]}<\/script>\n<!-- \/ Yoast SEO plugin. -->","yoast_head_json":{"title":"La gestion des champs in Company Philosophy by Pasta Mancini","description":"Our varieties\u2019 selection is essentially based on two criteria: the quality profile and the production potential yield, both in Italy.","robots":{"index":"index","follow":"follow","max-snippet":"max-snippet:-1","max-image-preview":"max-image-preview:large","max-video-preview":"max-video-preview:-1"},"canonical":"https:\/\/www.pastamancini.com\/fr\/philosophie-entreprise\/fields-management\/","og_locale":"fr_FR","og_type":"article","og_title":"La gestion des champs in Company Philosophy by Pasta Mancini","og_description":"Our varieties\u2019 selection is essentially based on two criteria: the quality profile and the production potential yield, both in Italy.","og_url":"https:\/\/www.pastamancini.com\/fr\/philosophie-entreprise\/fields-management\/","og_site_name":"Pasta Mancini","article_publisher":"https:\/\/www.facebook.com\/pastamancini\/","article_modified_time":"2025-07-07T09:26:38+00:00","og_image":[{"width":364,"height":209,"url":"https:\/\/www.pastamancini.com\/wp-content\/uploads\/2021\/11\/logo-social-facebook.jpg","type":"image\/jpeg"}],"twitter_card":"summary_large_image","twitter_misc":{"Dur\u00e9e de lecture estim\u00e9e":"1 minute"},"schema":{"@context":"https:\/\/schema.org","@graph":[{"@type":"WebPage","@id":"https:\/\/www.pastamancini.com\/fr\/philosophie-entreprise\/fields-management\/","url":"https:\/\/www.pastamancini.com\/fr\/philosophie-entreprise\/fields-management\/","name":"La gestion des champs in Company Philosophy by Pasta Mancini","isPartOf":{"@id":"https:\/\/www.pastamancini.com\/fr\/#website"},"datePublished":"2021-08-26T09:53:42+00:00","dateModified":"2025-07-07T09:26:38+00:00","description":"Our varieties\u2019 selection is essentially based on two criteria: the quality profile and the production potential yield, both in Italy.","breadcrumb":{"@id":"https:\/\/www.pastamancini.com\/fr\/philosophie-entreprise\/fields-management\/#breadcrumb"},"inLanguage":"fr-FR","potentialAction":[{"@type":"ReadAction","target":["https:\/\/www.pastamancini.com\/fr\/philosophie-entreprise\/fields-management\/"]}]},{"@type":"BreadcrumbList","@id":"https:\/\/www.pastamancini.com\/fr\/philosophie-entreprise\/fields-management\/#breadcrumb","itemListElement":[{"@type":"ListItem","position":1,"name":"Home","item":"https:\/\/www.pastamancini.com\/fr\/home-page\/"},{"@type":"ListItem","position":2,"name":"Philosophie de l'entreprise","item":"https:\/\/www.pastamancini.com\/fr\/philosophie-entreprise\/"},{"@type":"ListItem","position":3,"name":"La gestion des champs"}]},{"@type":"WebSite","@id":"https:\/\/www.pastamancini.com\/fr\/#website","url":"https:\/\/www.pastamancini.com\/fr\/","name":"Pasta Mancini","description":"Pasta Mancini: pasta artigianale italiana di qualit\u00e0. Coltivatori di grano dal 1938. Entra nel sito e scopri tutti i nostri prodotti.","publisher":{"@id":"https:\/\/www.pastamancini.com\/fr\/#organization"},"potentialAction":[{"@type":"SearchAction","target":{"@type":"EntryPoint","urlTemplate":"https:\/\/www.pastamancini.com\/fr\/?s={search_term_string}"},"query-input":"required name=search_term_string"}],"inLanguage":"fr-FR"},{"@type":"Organization","@id":"https:\/\/www.pastamancini.com\/fr\/#organization","name":"AZIENDA AGRICOLA MANCINI SOCIET\u00c0 AGRICOLA SRL","url":"https:\/\/www.pastamancini.com\/fr\/","logo":{"@type":"ImageObject","inLanguage":"fr-FR","@id":"https:\/\/www.pastamancini.com\/fr\/#\/schema\/logo\/image\/","url":"https:\/\/www.pastamancini.com\/wp-content\/uploads\/2021\/11\/logo-social.jpg","contentUrl":"https:\/\/www.pastamancini.com\/wp-content\/uploads\/2021\/11\/logo-social.jpg","width":228,"height":155,"caption":"AZIENDA AGRICOLA MANCINI SOCIET\u00c0 AGRICOLA SRL"},"image":{"@id":"https:\/\/www.pastamancini.com\/fr\/#\/schema\/logo\/image\/"},"sameAs":["https:\/\/www.facebook.com\/pastamancini\/","https:\/\/www.instagram.com\/pastamancini\/","https:\/\/it.linkedin.com\/company\/mancini-pastificio-agricolo\/"]}]}},"_links":{"self":[{"href":"https:\/\/www.pastamancini.com\/fr\/wp-json\/wp\/v2\/pages\/3499"}],"collection":[{"href":"https:\/\/www.pastamancini.com\/fr\/wp-json\/wp\/v2\/pages"}],"about":[{"href":"https:\/\/www.pastamancini.com\/fr\/wp-json\/wp\/v2\/types\/page"}],"author":[{"embeddable":true,"href":"https:\/\/www.pastamancini.com\/fr\/wp-json\/wp\/v2\/users\/1"}],"replies":[{"embeddable":true,"href":"https:\/\/www.pastamancini.com\/fr\/wp-json\/wp\/v2\/comments?post=3499"}],"version-history":[{"count":8,"href":"https:\/\/www.pastamancini.com\/fr\/wp-json\/wp\/v2\/pages\/3499\/revisions"}],"predecessor-version":[{"id":9366,"href":"https:\/\/www.pastamancini.com\/fr\/wp-json\/wp\/v2\/pages\/3499\/revisions\/9366"}],"up":[{"embeddable":true,"href":"https:\/\/www.pastamancini.com\/fr\/wp-json\/wp\/v2\/pages\/3393"}],"wp:attachment":[{"href":"https:\/\/www.pastamancini.com\/fr\/wp-json\/wp\/v2\/media?parent=3499"}],"curies":[{"name":"wp","href":"https:\/\/api.w.org\/{rel}","templated":true}]}}