{"id":3504,"date":"2021-08-26T11:51:00","date_gmt":"2021-08-26T09:51:00","guid":{"rendered":"https:\/\/www.pastamancini.com\/philosophie-entreprise\/good-agricultural-practices\/"},"modified":"2025-09-09T13:06:15","modified_gmt":"2025-09-09T11:06:15","slug":"good-agricultural-practices","status":"publish","type":"page","link":"https:\/\/www.pastamancini.com\/fr\/philosophie-entreprise\/good-agricultural-practices\/","title":{"rendered":"Les Bonnes Pratiques Agricoles"},"content":{"rendered":"\n<p>Les Bonnes Pratiques Agricoles sont un ensemble de r\u00e8gles que nous appliquons pour une gestion \u00e9cocompatible et respectueuse de l\u2019environnement de nos activit\u00e9s agricoles, afin de produire des mati\u00e8res premi\u00e8res les plus qualitatives et les plus saines possible, tout en minimisant autant que possible notre impact environnemental.<\/p>\n","protected":false},"excerpt":{"rendered":"<p>Les Bonnes Pratiques Agricoles sont un ensemble de r\u00e8gles que nous appliquons pour une gestion \u00e9cocompatible et respectueuse de l\u2019environnement de nos activit\u00e9s agricoles, afin de produire des mati\u00e8res premi\u00e8res les plus qualitatives et les plus saines possible, tout en minimisant autant que possible notre impact environnemental. [&#8230;]<\/p>\n<p><a class=\"btn btn-secondary understrap-read-more-link\" href=\"https:\/\/www.pastamancini.com\/fr\/philosophie-entreprise\/good-agricultural-practices\/\">Lire la suite&#8230;<\/a><\/p>\n","protected":false},"author":1,"featured_media":0,"parent":3393,"menu_order":3,"comment_status":"closed","ping_status":"closed","template":"page-templates\/template-fase-esperienza.php","meta":{"inline_featured_image":false},"acf":[],"yoast_head":"<!-- This site is optimized with the Yoast SEO plugin v20.12 - https:\/\/yoast.com\/wordpress\/plugins\/seo\/ -->\n<title>Les Bonnes Pratiques Agricoles in Company Philosophy by Pasta Mancini<\/title>\n<meta name=\"description\" content=\"G.A.P.\u202fis the set of rules that we apply for an eco-friendly and sustainable management of our agricultural activities.\" \/>\n<meta name=\"robots\" content=\"index, follow, max-snippet:-1, max-image-preview:large, max-video-preview:-1\" \/>\n<link rel=\"canonical\" href=\"https:\/\/www.pastamancini.com\/fr\/philosophie-entreprise\/good-agricultural-practices\/\" \/>\n<meta property=\"og:locale\" content=\"fr_FR\" \/>\n<meta property=\"og:type\" content=\"article\" \/>\n<meta property=\"og:title\" content=\"Les Bonnes Pratiques Agricoles in Company Philosophy by Pasta Mancini\" \/>\n<meta property=\"og:description\" content=\"G.A.P.\u202fis the set of rules that we apply for an eco-friendly and sustainable management of our agricultural activities.\" \/>\n<meta property=\"og:url\" content=\"https:\/\/www.pastamancini.com\/fr\/philosophie-entreprise\/good-agricultural-practices\/\" \/>\n<meta property=\"og:site_name\" content=\"Pasta Mancini\" \/>\n<meta property=\"article:publisher\" content=\"https:\/\/www.facebook.com\/pastamancini\/\" \/>\n<meta property=\"article:modified_time\" content=\"2025-09-09T11:06:15+00:00\" \/>\n<meta property=\"og:image\" content=\"https:\/\/www.pastamancini.com\/wp-content\/uploads\/2021\/11\/logo-social-facebook.jpg\" \/>\n\t<meta property=\"og:image:width\" content=\"364\" \/>\n\t<meta property=\"og:image:height\" content=\"209\" \/>\n\t<meta property=\"og:image:type\" content=\"image\/jpeg\" \/>\n<meta name=\"twitter:card\" content=\"summary_large_image\" \/>\n<meta name=\"twitter:label1\" content=\"Dur\u00e9e de lecture estim\u00e9e\" \/>\n\t<meta name=\"twitter:data1\" content=\"1 minute\" \/>\n<script type=\"application\/ld+json\" class=\"yoast-schema-graph\">{\"@context\":\"https:\/\/schema.org\",\"@graph\":[{\"@type\":\"WebPage\",\"@id\":\"https:\/\/www.pastamancini.com\/fr\/philosophie-entreprise\/good-agricultural-practices\/\",\"url\":\"https:\/\/www.pastamancini.com\/fr\/philosophie-entreprise\/good-agricultural-practices\/\",\"name\":\"Les Bonnes Pratiques Agricoles in Company Philosophy by Pasta Mancini\",\"isPartOf\":{\"@id\":\"https:\/\/www.pastamancini.com\/fr\/#website\"},\"datePublished\":\"2021-08-26T09:51:00+00:00\",\"dateModified\":\"2025-09-09T11:06:15+00:00\",\"description\":\"G.A.P.\u202fis the set of rules that we apply for an eco-friendly and sustainable management of our agricultural activities.\",\"breadcrumb\":{\"@id\":\"https:\/\/www.pastamancini.com\/fr\/philosophie-entreprise\/good-agricultural-practices\/#breadcrumb\"},\"inLanguage\":\"fr-FR\",\"potentialAction\":[{\"@type\":\"ReadAction\",\"target\":[\"https:\/\/www.pastamancini.com\/fr\/philosophie-entreprise\/good-agricultural-practices\/\"]}]},{\"@type\":\"BreadcrumbList\",\"@id\":\"https:\/\/www.pastamancini.com\/fr\/philosophie-entreprise\/good-agricultural-practices\/#breadcrumb\",\"itemListElement\":[{\"@type\":\"ListItem\",\"position\":1,\"name\":\"Home\",\"item\":\"https:\/\/www.pastamancini.com\/fr\/home-page\/\"},{\"@type\":\"ListItem\",\"position\":2,\"name\":\"Philosophie de l'entreprise\",\"item\":\"https:\/\/www.pastamancini.com\/fr\/philosophie-entreprise\/\"},{\"@type\":\"ListItem\",\"position\":3,\"name\":\"Les Bonnes Pratiques Agricoles\"}]},{\"@type\":\"WebSite\",\"@id\":\"https:\/\/www.pastamancini.com\/fr\/#website\",\"url\":\"https:\/\/www.pastamancini.com\/fr\/\",\"name\":\"Pasta Mancini\",\"description\":\"Pasta Mancini: pasta artigianale italiana di qualit\u00e0. Coltivatori di grano dal 1938. Entra nel sito e scopri tutti i nostri prodotti.\",\"publisher\":{\"@id\":\"https:\/\/www.pastamancini.com\/fr\/#organization\"},\"potentialAction\":[{\"@type\":\"SearchAction\",\"target\":{\"@type\":\"EntryPoint\",\"urlTemplate\":\"https:\/\/www.pastamancini.com\/fr\/?s={search_term_string}\"},\"query-input\":\"required name=search_term_string\"}],\"inLanguage\":\"fr-FR\"},{\"@type\":\"Organization\",\"@id\":\"https:\/\/www.pastamancini.com\/fr\/#organization\",\"name\":\"AZIENDA AGRICOLA MANCINI SOCIET\u00c0 AGRICOLA SRL\",\"url\":\"https:\/\/www.pastamancini.com\/fr\/\",\"logo\":{\"@type\":\"ImageObject\",\"inLanguage\":\"fr-FR\",\"@id\":\"https:\/\/www.pastamancini.com\/fr\/#\/schema\/logo\/image\/\",\"url\":\"https:\/\/www.pastamancini.com\/wp-content\/uploads\/2021\/11\/logo-social.jpg\",\"contentUrl\":\"https:\/\/www.pastamancini.com\/wp-content\/uploads\/2021\/11\/logo-social.jpg\",\"width\":228,\"height\":155,\"caption\":\"AZIENDA AGRICOLA MANCINI SOCIET\u00c0 AGRICOLA SRL\"},\"image\":{\"@id\":\"https:\/\/www.pastamancini.com\/fr\/#\/schema\/logo\/image\/\"},\"sameAs\":[\"https:\/\/www.facebook.com\/pastamancini\/\",\"https:\/\/www.instagram.com\/pastamancini\/\",\"https:\/\/it.linkedin.com\/company\/mancini-pastificio-agricolo\/\"]}]}<\/script>\n<!-- \/ Yoast SEO plugin. -->","yoast_head_json":{"title":"Les Bonnes Pratiques Agricoles in Company Philosophy by Pasta Mancini","description":"G.A.P.\u202fis the set of rules that we apply for an eco-friendly and sustainable management of our agricultural activities.","robots":{"index":"index","follow":"follow","max-snippet":"max-snippet:-1","max-image-preview":"max-image-preview:large","max-video-preview":"max-video-preview:-1"},"canonical":"https:\/\/www.pastamancini.com\/fr\/philosophie-entreprise\/good-agricultural-practices\/","og_locale":"fr_FR","og_type":"article","og_title":"Les Bonnes Pratiques Agricoles in Company Philosophy by Pasta Mancini","og_description":"G.A.P.\u202fis the set of rules that we apply for an eco-friendly and sustainable management of our agricultural activities.","og_url":"https:\/\/www.pastamancini.com\/fr\/philosophie-entreprise\/good-agricultural-practices\/","og_site_name":"Pasta Mancini","article_publisher":"https:\/\/www.facebook.com\/pastamancini\/","article_modified_time":"2025-09-09T11:06:15+00:00","og_image":[{"width":364,"height":209,"url":"https:\/\/www.pastamancini.com\/wp-content\/uploads\/2021\/11\/logo-social-facebook.jpg","type":"image\/jpeg"}],"twitter_card":"summary_large_image","twitter_misc":{"Dur\u00e9e de lecture estim\u00e9e":"1 minute"},"schema":{"@context":"https:\/\/schema.org","@graph":[{"@type":"WebPage","@id":"https:\/\/www.pastamancini.com\/fr\/philosophie-entreprise\/good-agricultural-practices\/","url":"https:\/\/www.pastamancini.com\/fr\/philosophie-entreprise\/good-agricultural-practices\/","name":"Les Bonnes Pratiques Agricoles in Company Philosophy by Pasta Mancini","isPartOf":{"@id":"https:\/\/www.pastamancini.com\/fr\/#website"},"datePublished":"2021-08-26T09:51:00+00:00","dateModified":"2025-09-09T11:06:15+00:00","description":"G.A.P.\u202fis the set of rules that we apply for an eco-friendly and sustainable management of our agricultural activities.","breadcrumb":{"@id":"https:\/\/www.pastamancini.com\/fr\/philosophie-entreprise\/good-agricultural-practices\/#breadcrumb"},"inLanguage":"fr-FR","potentialAction":[{"@type":"ReadAction","target":["https:\/\/www.pastamancini.com\/fr\/philosophie-entreprise\/good-agricultural-practices\/"]}]},{"@type":"BreadcrumbList","@id":"https:\/\/www.pastamancini.com\/fr\/philosophie-entreprise\/good-agricultural-practices\/#breadcrumb","itemListElement":[{"@type":"ListItem","position":1,"name":"Home","item":"https:\/\/www.pastamancini.com\/fr\/home-page\/"},{"@type":"ListItem","position":2,"name":"Philosophie de l'entreprise","item":"https:\/\/www.pastamancini.com\/fr\/philosophie-entreprise\/"},{"@type":"ListItem","position":3,"name":"Les Bonnes Pratiques Agricoles"}]},{"@type":"WebSite","@id":"https:\/\/www.pastamancini.com\/fr\/#website","url":"https:\/\/www.pastamancini.com\/fr\/","name":"Pasta Mancini","description":"Pasta Mancini: pasta artigianale italiana di qualit\u00e0. Coltivatori di grano dal 1938. Entra nel sito e scopri tutti i nostri prodotti.","publisher":{"@id":"https:\/\/www.pastamancini.com\/fr\/#organization"},"potentialAction":[{"@type":"SearchAction","target":{"@type":"EntryPoint","urlTemplate":"https:\/\/www.pastamancini.com\/fr\/?s={search_term_string}"},"query-input":"required name=search_term_string"}],"inLanguage":"fr-FR"},{"@type":"Organization","@id":"https:\/\/www.pastamancini.com\/fr\/#organization","name":"AZIENDA AGRICOLA MANCINI SOCIET\u00c0 AGRICOLA SRL","url":"https:\/\/www.pastamancini.com\/fr\/","logo":{"@type":"ImageObject","inLanguage":"fr-FR","@id":"https:\/\/www.pastamancini.com\/fr\/#\/schema\/logo\/image\/","url":"https:\/\/www.pastamancini.com\/wp-content\/uploads\/2021\/11\/logo-social.jpg","contentUrl":"https:\/\/www.pastamancini.com\/wp-content\/uploads\/2021\/11\/logo-social.jpg","width":228,"height":155,"caption":"AZIENDA AGRICOLA MANCINI SOCIET\u00c0 AGRICOLA SRL"},"image":{"@id":"https:\/\/www.pastamancini.com\/fr\/#\/schema\/logo\/image\/"},"sameAs":["https:\/\/www.facebook.com\/pastamancini\/","https:\/\/www.instagram.com\/pastamancini\/","https:\/\/it.linkedin.com\/company\/mancini-pastificio-agricolo\/"]}]}},"_links":{"self":[{"href":"https:\/\/www.pastamancini.com\/fr\/wp-json\/wp\/v2\/pages\/3504"}],"collection":[{"href":"https:\/\/www.pastamancini.com\/fr\/wp-json\/wp\/v2\/pages"}],"about":[{"href":"https:\/\/www.pastamancini.com\/fr\/wp-json\/wp\/v2\/types\/page"}],"author":[{"embeddable":true,"href":"https:\/\/www.pastamancini.com\/fr\/wp-json\/wp\/v2\/users\/1"}],"replies":[{"embeddable":true,"href":"https:\/\/www.pastamancini.com\/fr\/wp-json\/wp\/v2\/comments?post=3504"}],"version-history":[{"count":22,"href":"https:\/\/www.pastamancini.com\/fr\/wp-json\/wp\/v2\/pages\/3504\/revisions"}],"predecessor-version":[{"id":9485,"href":"https:\/\/www.pastamancini.com\/fr\/wp-json\/wp\/v2\/pages\/3504\/revisions\/9485"}],"up":[{"embeddable":true,"href":"https:\/\/www.pastamancini.com\/fr\/wp-json\/wp\/v2\/pages\/3393"}],"wp:attachment":[{"href":"https:\/\/www.pastamancini.com\/fr\/wp-json\/wp\/v2\/media?parent=3504"}],"curies":[{"name":"wp","href":"https:\/\/api.w.org\/{rel}","templated":true}]}}