{"id":3518,"date":"2021-07-30T15:19:05","date_gmt":"2021-07-30T13:19:05","guid":{"rendered":"https:\/\/www.pastamancini.com\/philosophie-entreprise\/pasta-factory\/"},"modified":"2023-01-11T16:21:58","modified_gmt":"2023-01-11T15:21:58","slug":"pasta-factory","status":"publish","type":"page","link":"https:\/\/www.pastamancini.com\/fr\/philosophie-entreprise\/pasta-factory\/","title":{"rendered":"L\u2019usine de p\u00e2tes"},"content":{"rendered":"\n<p>Construite en bois, en verre et en b\u00e9ton, l\u2019usine de p\u00e2tes Mancini se dresse au milieu de l\u2019un de nos champs de bl\u00e9. Con\u00e7ue pour s\u2019int\u00e9grer dans le paysage de notre exploitation, elle symbolise le mariage de la technologie la plus avanc\u00e9e et de la tradition pour obtenir les meilleures p\u00e2tes possible.<\/p>\n","protected":false},"excerpt":{"rendered":"<p>Construite en bois, en verre et en b\u00e9ton, l\u2019usine de p\u00e2tes Mancini se dresse au milieu de l\u2019un de nos champs de bl\u00e9. Con\u00e7ue pour s\u2019int\u00e9grer dans le paysage de notre exploitation, elle symbolise le mariage de la technologie la plus avanc\u00e9e et de la tradition pour obtenir les meilleures p\u00e2tes possible. [&#8230;]<\/p>\n<p><a class=\"btn btn-secondary understrap-read-more-link\" href=\"https:\/\/www.pastamancini.com\/fr\/philosophie-entreprise\/pasta-factory\/\">Lire la suite&#8230;<\/a><\/p>\n","protected":false},"author":1,"featured_media":0,"parent":3393,"menu_order":7,"comment_status":"closed","ping_status":"closed","template":"page-templates\/template-fase-esperienza.php","meta":{"inline_featured_image":false},"acf":[],"yoast_head":"<!-- This site is optimized with the Yoast SEO plugin v20.12 - https:\/\/yoast.com\/wordpress\/plugins\/seo\/ -->\n<title>L\u2019usine de p\u00e2tes in Company Philosophy by Pasta Mancini<\/title>\n<meta name=\"description\" content=\"Built of wood, glass and concrete, our Mancini pasta factory is located in the middle of one of our durum wheat fields, integrated into our farm&#039;s landscape.\" \/>\n<meta name=\"robots\" content=\"index, follow, max-snippet:-1, max-image-preview:large, max-video-preview:-1\" \/>\n<link rel=\"canonical\" href=\"https:\/\/www.pastamancini.com\/fr\/philosophie-entreprise\/pasta-factory\/\" \/>\n<meta property=\"og:locale\" content=\"fr_FR\" \/>\n<meta property=\"og:type\" content=\"article\" \/>\n<meta property=\"og:title\" content=\"L\u2019usine de p\u00e2tes in Company Philosophy by Pasta Mancini\" \/>\n<meta property=\"og:description\" content=\"Built of wood, glass and concrete, our Mancini pasta factory is located in the middle of one of our durum wheat fields, integrated into our farm&#039;s landscape.\" \/>\n<meta property=\"og:url\" content=\"https:\/\/www.pastamancini.com\/fr\/philosophie-entreprise\/pasta-factory\/\" \/>\n<meta property=\"og:site_name\" content=\"Pasta Mancini\" \/>\n<meta property=\"article:publisher\" content=\"https:\/\/www.facebook.com\/pastamancini\/\" \/>\n<meta property=\"article:modified_time\" content=\"2023-01-11T15:21:58+00:00\" \/>\n<meta property=\"og:image\" content=\"https:\/\/www.pastamancini.com\/wp-content\/uploads\/2021\/11\/logo-social-facebook.jpg\" \/>\n\t<meta property=\"og:image:width\" content=\"364\" \/>\n\t<meta property=\"og:image:height\" content=\"209\" \/>\n\t<meta property=\"og:image:type\" content=\"image\/jpeg\" \/>\n<meta name=\"twitter:card\" content=\"summary_large_image\" \/>\n<meta name=\"twitter:label1\" content=\"Dur\u00e9e de lecture estim\u00e9e\" \/>\n\t<meta name=\"twitter:data1\" content=\"1 minute\" \/>\n<script type=\"application\/ld+json\" class=\"yoast-schema-graph\">{\"@context\":\"https:\/\/schema.org\",\"@graph\":[{\"@type\":\"WebPage\",\"@id\":\"https:\/\/www.pastamancini.com\/fr\/philosophie-entreprise\/pasta-factory\/\",\"url\":\"https:\/\/www.pastamancini.com\/fr\/philosophie-entreprise\/pasta-factory\/\",\"name\":\"L\u2019usine de p\u00e2tes in Company Philosophy by Pasta Mancini\",\"isPartOf\":{\"@id\":\"https:\/\/www.pastamancini.com\/fr\/#website\"},\"datePublished\":\"2021-07-30T13:19:05+00:00\",\"dateModified\":\"2023-01-11T15:21:58+00:00\",\"description\":\"Built of wood, glass and concrete, our Mancini pasta factory is located in the middle of one of our durum wheat fields, integrated into our farm's landscape.\",\"breadcrumb\":{\"@id\":\"https:\/\/www.pastamancini.com\/fr\/philosophie-entreprise\/pasta-factory\/#breadcrumb\"},\"inLanguage\":\"fr-FR\",\"potentialAction\":[{\"@type\":\"ReadAction\",\"target\":[\"https:\/\/www.pastamancini.com\/fr\/philosophie-entreprise\/pasta-factory\/\"]}]},{\"@type\":\"BreadcrumbList\",\"@id\":\"https:\/\/www.pastamancini.com\/fr\/philosophie-entreprise\/pasta-factory\/#breadcrumb\",\"itemListElement\":[{\"@type\":\"ListItem\",\"position\":1,\"name\":\"Home\",\"item\":\"https:\/\/www.pastamancini.com\/fr\/home-page\/\"},{\"@type\":\"ListItem\",\"position\":2,\"name\":\"Philosophie de l'entreprise\",\"item\":\"https:\/\/www.pastamancini.com\/fr\/philosophie-entreprise\/\"},{\"@type\":\"ListItem\",\"position\":3,\"name\":\"L\u2019usine de p\u00e2tes\"}]},{\"@type\":\"WebSite\",\"@id\":\"https:\/\/www.pastamancini.com\/fr\/#website\",\"url\":\"https:\/\/www.pastamancini.com\/fr\/\",\"name\":\"Pasta Mancini\",\"description\":\"Pasta Mancini: pasta artigianale italiana di qualit\u00e0. Coltivatori di grano dal 1938. Entra nel sito e scopri tutti i nostri prodotti.\",\"publisher\":{\"@id\":\"https:\/\/www.pastamancini.com\/fr\/#organization\"},\"potentialAction\":[{\"@type\":\"SearchAction\",\"target\":{\"@type\":\"EntryPoint\",\"urlTemplate\":\"https:\/\/www.pastamancini.com\/fr\/?s={search_term_string}\"},\"query-input\":\"required name=search_term_string\"}],\"inLanguage\":\"fr-FR\"},{\"@type\":\"Organization\",\"@id\":\"https:\/\/www.pastamancini.com\/fr\/#organization\",\"name\":\"AZIENDA AGRICOLA MANCINI SOCIET\u00c0 AGRICOLA SRL\",\"url\":\"https:\/\/www.pastamancini.com\/fr\/\",\"logo\":{\"@type\":\"ImageObject\",\"inLanguage\":\"fr-FR\",\"@id\":\"https:\/\/www.pastamancini.com\/fr\/#\/schema\/logo\/image\/\",\"url\":\"https:\/\/www.pastamancini.com\/wp-content\/uploads\/2021\/11\/logo-social.jpg\",\"contentUrl\":\"https:\/\/www.pastamancini.com\/wp-content\/uploads\/2021\/11\/logo-social.jpg\",\"width\":228,\"height\":155,\"caption\":\"AZIENDA AGRICOLA MANCINI SOCIET\u00c0 AGRICOLA SRL\"},\"image\":{\"@id\":\"https:\/\/www.pastamancini.com\/fr\/#\/schema\/logo\/image\/\"},\"sameAs\":[\"https:\/\/www.facebook.com\/pastamancini\/\",\"https:\/\/www.instagram.com\/pastamancini\/\",\"https:\/\/it.linkedin.com\/company\/mancini-pastificio-agricolo\/\"]}]}<\/script>\n<!-- \/ Yoast SEO plugin. -->","yoast_head_json":{"title":"L\u2019usine de p\u00e2tes in Company Philosophy by Pasta Mancini","description":"Built of wood, glass and concrete, our Mancini pasta factory is located in the middle of one of our durum wheat fields, integrated into our farm's landscape.","robots":{"index":"index","follow":"follow","max-snippet":"max-snippet:-1","max-image-preview":"max-image-preview:large","max-video-preview":"max-video-preview:-1"},"canonical":"https:\/\/www.pastamancini.com\/fr\/philosophie-entreprise\/pasta-factory\/","og_locale":"fr_FR","og_type":"article","og_title":"L\u2019usine de p\u00e2tes in Company Philosophy by Pasta Mancini","og_description":"Built of wood, glass and concrete, our Mancini pasta factory is located in the middle of one of our durum wheat fields, integrated into our farm's landscape.","og_url":"https:\/\/www.pastamancini.com\/fr\/philosophie-entreprise\/pasta-factory\/","og_site_name":"Pasta Mancini","article_publisher":"https:\/\/www.facebook.com\/pastamancini\/","article_modified_time":"2023-01-11T15:21:58+00:00","og_image":[{"width":364,"height":209,"url":"https:\/\/www.pastamancini.com\/wp-content\/uploads\/2021\/11\/logo-social-facebook.jpg","type":"image\/jpeg"}],"twitter_card":"summary_large_image","twitter_misc":{"Dur\u00e9e de lecture estim\u00e9e":"1 minute"},"schema":{"@context":"https:\/\/schema.org","@graph":[{"@type":"WebPage","@id":"https:\/\/www.pastamancini.com\/fr\/philosophie-entreprise\/pasta-factory\/","url":"https:\/\/www.pastamancini.com\/fr\/philosophie-entreprise\/pasta-factory\/","name":"L\u2019usine de p\u00e2tes in Company Philosophy by Pasta Mancini","isPartOf":{"@id":"https:\/\/www.pastamancini.com\/fr\/#website"},"datePublished":"2021-07-30T13:19:05+00:00","dateModified":"2023-01-11T15:21:58+00:00","description":"Built of wood, glass and concrete, our Mancini pasta factory is located in the middle of one of our durum wheat fields, integrated into our farm's landscape.","breadcrumb":{"@id":"https:\/\/www.pastamancini.com\/fr\/philosophie-entreprise\/pasta-factory\/#breadcrumb"},"inLanguage":"fr-FR","potentialAction":[{"@type":"ReadAction","target":["https:\/\/www.pastamancini.com\/fr\/philosophie-entreprise\/pasta-factory\/"]}]},{"@type":"BreadcrumbList","@id":"https:\/\/www.pastamancini.com\/fr\/philosophie-entreprise\/pasta-factory\/#breadcrumb","itemListElement":[{"@type":"ListItem","position":1,"name":"Home","item":"https:\/\/www.pastamancini.com\/fr\/home-page\/"},{"@type":"ListItem","position":2,"name":"Philosophie de l'entreprise","item":"https:\/\/www.pastamancini.com\/fr\/philosophie-entreprise\/"},{"@type":"ListItem","position":3,"name":"L\u2019usine de p\u00e2tes"}]},{"@type":"WebSite","@id":"https:\/\/www.pastamancini.com\/fr\/#website","url":"https:\/\/www.pastamancini.com\/fr\/","name":"Pasta Mancini","description":"Pasta Mancini: pasta artigianale italiana di qualit\u00e0. Coltivatori di grano dal 1938. Entra nel sito e scopri tutti i nostri prodotti.","publisher":{"@id":"https:\/\/www.pastamancini.com\/fr\/#organization"},"potentialAction":[{"@type":"SearchAction","target":{"@type":"EntryPoint","urlTemplate":"https:\/\/www.pastamancini.com\/fr\/?s={search_term_string}"},"query-input":"required name=search_term_string"}],"inLanguage":"fr-FR"},{"@type":"Organization","@id":"https:\/\/www.pastamancini.com\/fr\/#organization","name":"AZIENDA AGRICOLA MANCINI SOCIET\u00c0 AGRICOLA SRL","url":"https:\/\/www.pastamancini.com\/fr\/","logo":{"@type":"ImageObject","inLanguage":"fr-FR","@id":"https:\/\/www.pastamancini.com\/fr\/#\/schema\/logo\/image\/","url":"https:\/\/www.pastamancini.com\/wp-content\/uploads\/2021\/11\/logo-social.jpg","contentUrl":"https:\/\/www.pastamancini.com\/wp-content\/uploads\/2021\/11\/logo-social.jpg","width":228,"height":155,"caption":"AZIENDA AGRICOLA MANCINI SOCIET\u00c0 AGRICOLA SRL"},"image":{"@id":"https:\/\/www.pastamancini.com\/fr\/#\/schema\/logo\/image\/"},"sameAs":["https:\/\/www.facebook.com\/pastamancini\/","https:\/\/www.instagram.com\/pastamancini\/","https:\/\/it.linkedin.com\/company\/mancini-pastificio-agricolo\/"]}]}},"_links":{"self":[{"href":"https:\/\/www.pastamancini.com\/fr\/wp-json\/wp\/v2\/pages\/3518"}],"collection":[{"href":"https:\/\/www.pastamancini.com\/fr\/wp-json\/wp\/v2\/pages"}],"about":[{"href":"https:\/\/www.pastamancini.com\/fr\/wp-json\/wp\/v2\/types\/page"}],"author":[{"embeddable":true,"href":"https:\/\/www.pastamancini.com\/fr\/wp-json\/wp\/v2\/users\/1"}],"replies":[{"embeddable":true,"href":"https:\/\/www.pastamancini.com\/fr\/wp-json\/wp\/v2\/comments?post=3518"}],"version-history":[{"count":3,"href":"https:\/\/www.pastamancini.com\/fr\/wp-json\/wp\/v2\/pages\/3518\/revisions"}],"predecessor-version":[{"id":4024,"href":"https:\/\/www.pastamancini.com\/fr\/wp-json\/wp\/v2\/pages\/3518\/revisions\/4024"}],"up":[{"embeddable":true,"href":"https:\/\/www.pastamancini.com\/fr\/wp-json\/wp\/v2\/pages\/3393"}],"wp:attachment":[{"href":"https:\/\/www.pastamancini.com\/fr\/wp-json\/wp\/v2\/media?parent=3518"}],"curies":[{"name":"wp","href":"https:\/\/api.w.org\/{rel}","templated":true}]}}